
{"id":9783,"date":"2022-03-03T10:35:44","date_gmt":"2022-03-03T10:35:44","guid":{"rendered":"http:\/\/tanit.ar\/product\/tanit-coral-and-ruby-mug-tanger-collection\/"},"modified":"2022-03-03T10:35:44","modified_gmt":"2022-03-03T10:35:44","slug":"taza-tanit-coral-y-rubi-coleccion-tanger-2","status":"publish","type":"product","link":"https:\/\/tanit.ar\/en\/producto\/taza-tanit-coral-y-rubi-coleccion-tanger-2\/","title":{"rendered":"Tanit Coral and Ruby Mug &#8211; Tanger Collection"},"content":{"rendered":"","protected":false},"excerpt":{"rendered":"<h3>Taza Tanit Granito Coral y Rub\u00ed &#8211; Colecci\u00f3n T\u00e1nger<\/h3>\n<p>There had to be a uniquely designed Tanit mug, for &#8220;tea and coffee addicts&#8221;!<br \/>\nIt is a large cup, with a good grip.<\/p>\n<p>Tanit ceramics are made and painted by hand in the traditional way<br \/>\nManufacture: handmade and painted by hand.<br \/>\nDimensiones: H4.13 D3.14 inch<\/p>\n","protected":false},"featured_media":9565,"template":"","meta":{"_monsterinsights_skip_tracking":false,"_monsterinsights_sitenote_active":false,"_monsterinsights_sitenote_note":"","_monsterinsights_sitenote_category":0},"product_brand":[],"product_cat":[286,290],"product_tag":[359,339,358,306],"class_list":{"0":"post-9783","1":"product","2":"type-product","3":"status-publish","4":"has-post-thumbnail","6":"product_cat-collection-tanger","7":"product_cat-cup-tanit","8":"product_tag-coral-and-ruby","9":"product_tag-cup","10":"product_tag-tanger-collection","11":"product_tag-tanit-en","13":"first","14":"instock","15":"shipping-taxable","16":"purchasable","17":"product-type-simple"},"aioseo_notices":[],"jetpack-related-posts":[],"jetpack_sharing_enabled":true,"_links":{"self":[{"href":"https:\/\/tanit.ar\/en\/wp-json\/wp\/v2\/product\/9783","targetHints":{"allow":["GET"]}}],"collection":[{"href":"https:\/\/tanit.ar\/en\/wp-json\/wp\/v2\/product"}],"about":[{"href":"https:\/\/tanit.ar\/en\/wp-json\/wp\/v2\/types\/product"}],"wp:featuredmedia":[{"embeddable":true,"href":"https:\/\/tanit.ar\/en\/wp-json\/wp\/v2\/media\/9565"}],"wp:attachment":[{"href":"https:\/\/tanit.ar\/en\/wp-json\/wp\/v2\/media?parent=9783"}],"wp:term":[{"taxonomy":"product_brand","embeddable":true,"href":"https:\/\/tanit.ar\/en\/wp-json\/wp\/v2\/product_brand?post=9783"},{"taxonomy":"product_cat","embeddable":true,"href":"https:\/\/tanit.ar\/en\/wp-json\/wp\/v2\/product_cat?post=9783"},{"taxonomy":"product_tag","embeddable":true,"href":"https:\/\/tanit.ar\/en\/wp-json\/wp\/v2\/product_tag?post=9783"}],"curies":[{"name":"wp","href":"https:\/\/api.w.org\/{rel}","templated":true}]}}